{"id":161,"date":"2019-06-16T21:34:01","date_gmt":"2019-06-16T19:34:01","guid":{"rendered":"http:\/\/nordergo.fr\/v2\/?page_id=161"},"modified":"2019-06-16T21:34:01","modified_gmt":"2019-06-16T19:34:01","slug":"conditions-generales-de-reservations","status":"publish","type":"page","link":"https:\/\/nordergo-marquettelezlille.fr\/index.php\/conditions-generales-de-reservations\/","title":{"rendered":"Conditions g\u00e9n\u00e9rales de r\u00e9servations"},"content":{"rendered":"\n<h3 class=\"wp-block-heading\">SERVICE DE PRISE DE RENDEZ-VOUS EN LIGNE<\/h3>\n\n\n\n<p>Ces conditions g\u00e9n\u00e9rales de r\u00e9servation, en accord avec la RGPD, et la l\u00e9gislation fran\u00e7aise ont \u00e9t\u00e9 r\u00e9dig\u00e9s par Pauline Lefebvre Trouart, Juriste avec la collaboration de Ludovic Delannoy, repr\u00e9sentant de NordErgo.  Toute r\u00e9servation en ligne signe l&rsquo;accord des CGR ici pr\u00e9sentes.<\/p>\n\n\n\n<p>L&rsquo;\u00e9quipe NordErgo s&rsquo;engage \u00e0 respecter les r\u00e8glementations de la RGPD en mati\u00e8re de conservation des donn\u00e9es personnelles et s&rsquo;engage \u00e0 ne pas garder, commercialiser ou \u00e9changer vos donn\u00e9es . L&rsquo;ergoth\u00e9rapie \u00e9tant un m\u00e9tier param\u00e9dical, l&rsquo;\u00e9quipe de NordErgo est soumise au secret professionnel (secret m\u00e9dical). <\/p>\n\n\n\n<p>L\u2019Utilisateur peut, \u00e0 tout moment, prendre un rendez-vous en ligne avec un Ergoth\u00e9rapeute pour une consultation \u00e0 un horaire indiqu\u00e9 comme disponible par le Professionnel de Sant\u00e9 sur le Portail et que l\u2019Utilisateur aura pr\u00e9alablement identifi\u00e9 au sein du Portail par le biais du Service d\u2019Annuaire. Toute personne peut demander un premier RDV sans \u00e9change obligatoire au pr\u00e9alable avec un praticien mais se verra dans l&rsquo;obligation de  remplir un \u00ab\u00a0motif de consultation\u00a0\u00bb afin que le praticien puisse pr\u00e9parer le rendez vous, de remplir \u00e9galement le num\u00e9ro de t\u00e9l\u00e9phone et un mail afin que l&rsquo;utilisateur sois joignable en cas de question pr\u00e9alable du praticien.<\/p>\n\n\n\n<p>Chaque rendez-vous est transmis en temps r\u00e9el au Professionnel de Sant\u00e9. Les rendez vous peuvent \u00eatre pris jusqu&rsquo;\u00e0 3 mois \u00e0 l&rsquo;avance.<\/p>\n\n\n\n<p>L\u2019Utilisateur peut \u00e9galement g\u00e9rer ses rendez-vous (annulation, modification) et suivre l\u2019historique de ses rendez-vous.  L&rsquo;annulation sera disponible jusqu&rsquo;\u00e0 24h avant le Rendez vous pr\u00e9vu, si un emp\u00eachement est survenu moins de 24h avant ce Rendez vous, t\u00e9l\u00e9phonez le praticien. <\/p>\n\n\n\n<p>L\u2019Utilisateur autorise \u00e9galement le Professionnel de Sant\u00e9  \u00e0 lui notifier par SMS ou e-mail toute information pratique concernant les Professionnels de Sant\u00e9 qui font partie de la liste \u00ab Mes employ\u00e9s \u00bb accessible sur le compte de chaque Utilisateur, ou toute information de sant\u00e9 envoy\u00e9e par ces m\u00eames Professionnels de Sant\u00e9. Tout Professionnel de Sant\u00e9 chez qui l\u2019Utilisateur a pris rendez-vous est automatiquement ajout\u00e9 \u00e0 cette liste. L\u2019Utilisateur a la possibilit\u00e9 de modifier sa liste directement depuis son compte Timify.<\/p>\n\n\n\n<p>Timify, NordErgo et le Professionnel de Sant\u00e9 d\u00e9clinent toute responsabilit\u00e9 en cas d\u2019erreur dans la saisie de ses coordonn\u00e9es par l\u2019Utilisateur rendant impossible l\u2019envoi de tout SMS ou de tout e-mail n\u00e9cessaire au bon fonctionnement et \u00e0 la bonne administration du Service de Prise de Rendez-vous en Ligne.<\/p>\n\n\n\n<p>Il appartient \u00e0 l\u2019Utilisateur de faire toutes v\u00e9rifications qui semblent n\u00e9cessaires ou opportunes avant de proc\u00e9der \u00e0 une quelconque r\u00e9servation chez l\u2019un des Professionnels de Sant\u00e9 inscrits sur le Site. <\/p>\n\n\n\n<p>L\u2019utilisation des Services ne dilue, ne modifie ou n\u2019att\u00e9nue ni directement, ni indirectement la responsabilit\u00e9 et les obligations des Professionnels de Sant\u00e9 inscrits aux Services vis-\u00e0-vis des Utilisateurs. Les Professionnels de Sant\u00e9 exercent leur pratique professionnelle en toute ind\u00e9pendance, selon leurs obligations d\u00e9ontologiques, l\u00e9gales et r\u00e9glementaires personnelles et sous leur responsabilit\u00e9 exclusive.<\/p>\n\n\n\n<p>Timify et NordErgo n\u2019est en aucun cas responsable d\u2019une quelconque annulation ou indisponibilit\u00e9 du Professionnel de Sant\u00e9 cons\u00e9cutivement \u00e0 l\u2019identification et \u00e0 la programmation d\u2019un rendez-vous par l\u2019Utilisateur via le Service de Prise de Rendez-Vous en Ligne.<\/p>\n\n\n\n<p>L\u2019Utilisateur s\u2019engage \u00e0 compl\u00e9ter toutes les Informations n\u00e9cessaires qui lui sont demand\u00e9es en vue de la bonne utilisation du Service de Prise de Rendez-Vous en Ligne.<\/p>\n\n\n\n<p>L\u2019Utilisateur est inform\u00e9 du fait que la programmation d\u2019un rendez-vous via le Service de Prise de Rendez-Vous en Ligne constitue un engagement ferme de sa part, et que toute non pr\u00e9sentation \u00e0 un rendez-vous programm\u00e9 doit faire l\u2019objet d\u2019une information pr\u00e9alable d\u2019annulation ou de report aupr\u00e8s du Professionnel de Sant\u00e9 concern\u00e9. Cette information peut s\u2019effectuer soit via le syst\u00e8me d\u2019annulation propos\u00e9 via le Site NordErgo ou via le site Timify sur la page \u00ab\u00a0Cabinet d&rsquo;Ergoth\u00e9rapie NordErgo\u00a0\u00bb, soit par tous moyens de contact du Professionnel de Sant\u00e9 inscrit, au choix de l\u2019Utilisateur. L\u2019utilisateur reconna\u00eet \u00eatre inform\u00e9 qu\u2019il assume exclusivement les cons\u00e9quences de sa non-pr\u00e9sentation \u00e0 un rendez-vous vis-\u00e0-vis du Professionnel de Sant\u00e9 concern\u00e9. L\u2019Utilisateur est \u00e9galement inform\u00e9 que s\u2019il est d\u00e9clar\u00e9 absent par un m\u00eame Professionnel de Sant\u00e9 \u00e0 trois de ses rendez-vous, il ne lui sera plus possible de prendre rendez-vous en ligne jusqu\u2019\u00e0 tant que le Professionnel de Sant\u00e9 concern\u00e9 ne d\u00e9bloque sa possibilit\u00e9 de prise de rendez-vous.<\/p>\n\n\n\n<p>Toute autre plateforme de r\u00e9servation proposant des r\u00e9servations avec les professionnels de NordErgo est factice, NordErgo est le seul site proposant ces prestations <\/p>\n","protected":false},"excerpt":{"rendered":"<p>SERVICE DE PRISE DE RENDEZ-VOUS EN LIGNE Ces conditions g\u00e9n\u00e9rales de r\u00e9servation, en accord avec la RGPD, et la l\u00e9gislation fran\u00e7aise ont \u00e9t\u00e9 r\u00e9dig\u00e9s par Pauline Lefebvre Trouart, Juriste avec la collaboration de Ludovic Delannoy, repr\u00e9sentant de NordErgo. Toute r\u00e9servation en ligne signe l&rsquo;accord des CGR ici pr\u00e9sentes. L&rsquo;\u00e9quipe NordErgo s&rsquo;engage \u00e0 respecter les r\u00e8glementations [&hellip;]<\/p>\n","protected":false},"author":1,"featured_media":0,"parent":0,"menu_order":0,"comment_status":"closed","ping_status":"closed","template":"","meta":{"footnotes":""},"class_list":["post-161","page","type-page","status-publish","hentry"],"_links":{"self":[{"href":"https:\/\/nordergo-marquettelezlille.fr\/index.php\/wp-json\/wp\/v2\/pages\/161","targetHints":{"allow":["GET"]}}],"collection":[{"href":"https:\/\/nordergo-marquettelezlille.fr\/index.php\/wp-json\/wp\/v2\/pages"}],"about":[{"href":"https:\/\/nordergo-marquettelezlille.fr\/index.php\/wp-json\/wp\/v2\/types\/page"}],"author":[{"embeddable":true,"href":"https:\/\/nordergo-marquettelezlille.fr\/index.php\/wp-json\/wp\/v2\/users\/1"}],"replies":[{"embeddable":true,"href":"https:\/\/nordergo-marquettelezlille.fr\/index.php\/wp-json\/wp\/v2\/comments?post=161"}],"version-history":[{"count":3,"href":"https:\/\/nordergo-marquettelezlille.fr\/index.php\/wp-json\/wp\/v2\/pages\/161\/revisions"}],"predecessor-version":[{"id":167,"href":"https:\/\/nordergo-marquettelezlille.fr\/index.php\/wp-json\/wp\/v2\/pages\/161\/revisions\/167"}],"wp:attachment":[{"href":"https:\/\/nordergo-marquettelezlille.fr\/index.php\/wp-json\/wp\/v2\/media?parent=161"}],"curies":[{"name":"wp","href":"https:\/\/api.w.org\/{rel}","templated":true}]}}