{"id":140,"date":"2019-06-20T14:57:48","date_gmt":"2019-06-20T12:57:48","guid":{"rendered":"http:\/\/nordergo.fr\/v2\/?page_id=140"},"modified":"2019-06-20T14:57:48","modified_gmt":"2019-06-20T12:57:48","slug":"mentions-legales","status":"publish","type":"page","link":"https:\/\/nordergo-marquettelezlille.fr\/index.php\/mentions-legales\/","title":{"rendered":"Mentions L\u00e9gales"},"content":{"rendered":"\n<h3 class=\"wp-block-heading\">Identit\u00e9&nbsp;<\/h3>\n\n\n\n<p>NordErgo est une marque appartenant \u00e0 la soci\u00e9t\u00e9 NordErgo<\/p>\n\n\n\n<p>NordErgo est une soci\u00e9t\u00e9 sp\u00e9cialis\u00e9 dans le domaine de la sant\u00e9<\/p>\n\n\n\n<p>La soci\u00e9t\u00e9 SCM NordErgo est une SCM au Capital de 200\u20ac sous le num\u00e9ro de Siret : 832 233 704 et pr\u00e9sid\u00e9 par Ludovic DELANNOY et Pauline DANTIN. <\/p>\n\n\n\n<h3 class=\"wp-block-heading\">Adresse du si\u00e8ge social<\/h3>\n\n\n\n<p>SCM NordErgo<\/p>\n\n\n\n<p>4 rue de l&rsquo;Abb\u00e9 Lemire<\/p>\n\n\n\n<p>59126 LINSELLES<\/p>\n","protected":false},"excerpt":{"rendered":"<p>Identit\u00e9&nbsp; NordErgo est une marque appartenant \u00e0 la soci\u00e9t\u00e9 NordErgo NordErgo est une soci\u00e9t\u00e9 sp\u00e9cialis\u00e9 dans le domaine de la sant\u00e9 La soci\u00e9t\u00e9 SCM NordErgo est une SCM au Capital de 200\u20ac sous le num\u00e9ro de Siret : 832 233 704 et pr\u00e9sid\u00e9 par Ludovic DELANNOY et Pauline DANTIN. Adresse du si\u00e8ge social SCM NordErgo [&hellip;]<\/p>\n","protected":false},"author":1,"featured_media":0,"parent":0,"menu_order":0,"comment_status":"closed","ping_status":"closed","template":"page-templates\/no-sidebar.php","meta":{"footnotes":""},"class_list":["post-140","page","type-page","status-publish","hentry"],"_links":{"self":[{"href":"https:\/\/nordergo-marquettelezlille.fr\/index.php\/wp-json\/wp\/v2\/pages\/140","targetHints":{"allow":["GET"]}}],"collection":[{"href":"https:\/\/nordergo-marquettelezlille.fr\/index.php\/wp-json\/wp\/v2\/pages"}],"about":[{"href":"https:\/\/nordergo-marquettelezlille.fr\/index.php\/wp-json\/wp\/v2\/types\/page"}],"author":[{"embeddable":true,"href":"https:\/\/nordergo-marquettelezlille.fr\/index.php\/wp-json\/wp\/v2\/users\/1"}],"replies":[{"embeddable":true,"href":"https:\/\/nordergo-marquettelezlille.fr\/index.php\/wp-json\/wp\/v2\/comments?post=140"}],"version-history":[{"count":4,"href":"https:\/\/nordergo-marquettelezlille.fr\/index.php\/wp-json\/wp\/v2\/pages\/140\/revisions"}],"predecessor-version":[{"id":204,"href":"https:\/\/nordergo-marquettelezlille.fr\/index.php\/wp-json\/wp\/v2\/pages\/140\/revisions\/204"}],"wp:attachment":[{"href":"https:\/\/nordergo-marquettelezlille.fr\/index.php\/wp-json\/wp\/v2\/media?parent=140"}],"curies":[{"name":"wp","href":"https:\/\/api.w.org\/{rel}","templated":true}]}}